{"id":734,"date":"2013-04-01T15:37:54","date_gmt":"2013-04-01T15:37:54","guid":{"rendered":"http:\/\/www.kriesi.at\/themes\/enfold\/?page_id=734"},"modified":"2016-01-22T17:25:11","modified_gmt":"2016-01-22T16:25:11","slug":"homepage","status":"publish","type":"page","link":"https:\/\/www.weluga.de\/","title":{"rendered":"Homepage"},"content":{"rendered":"<\/div><\/div><\/div><!-- close content main div --><\/div><\/div><div id='bannertop' class='avia-section main_color avia-section-default avia-shadow av-parallax-section avia-bg-style-parallax   av-minimum-height av-minimum-height-custom container_wrap sidebar_right'  data-section-bg-repeat='repeat-x' ><div class='av-parallax' data-avia-parallax-ratio='0.3' ><div class='av-parallax-inner main_color ' style = 'background-repeat: repeat-x; background-image: url(https:\/\/www.weluga.de\/wp-content\/uploads\/2013\/04\/welugaheader2.jpg); background-attachment: scroll; background-position: top center; ' ><\/div><\/div><div class='container' style='height:150px'><div class='template-page content  av-content-small alpha units'><div class='post-entry post-entry-type-page post-entry-734'><div class='entry-content-wrapper clearfix'><\/div><\/div><\/div><!-- close content main div --><\/div><\/div><div id='after_section_1' class='main_color container_wrap sidebar_right'   ><div class='container' ><div class='template-page content  av-content-small alpha units'><div class='post-entry post-entry-type-page post-entry-734'><div class='entry-content-wrapper clearfix'>\n<div class=\"flex_column av_one_fifth  flex_column_div av-zero-column-padding first  \" style='border-radius:0px; '><div class='avia-image-container  av-styling-   hide-on-small avia-align-center '  itemscope=\"itemscope\" itemtype=\"https:\/\/schema.org\/ImageObject\"  ><div class='avia-image-container-inner'><img class='avia_image ' src='https:\/\/www.weluga.de\/wp-content\/uploads\/2013\/04\/start_vogel.png' alt='' title=''   itemprop=\"contentURL\"  \/><\/div><\/div><\/div>\n<div class=\"flex_column av_two_third  flex_column_div av-zero-column-padding   \" style='border-radius:0px; '><p><div style='padding-bottom:10px;' class='av-special-heading av-special-heading-h1  blockquote modern-quote  '><h1 class='av-special-heading-tag'  itemprop=\"headline\"  >Herzlich Willkommen.<\/h1><div class='special-heading-border'><div class='special-heading-inner-border' ><\/div><\/div><\/div><br \/>\n<section class=\"av_textblock_section\"  itemscope=\"itemscope\" itemtype=\"https:\/\/schema.org\/CreativeWork\" ><div class='avia_textblock '   itemprop=\"text\" ><p style=\"text-align: left;\">Die weluga umweltplanung begr\u00fc\u00dft Sie auf ihrer Homepage und stellt sich mit ihren Arbeitsfeldern, Leistungen, Projekten und seinen kompetenten und freundlichen Mitarbeitern vor.<\/p>\n<p style=\"text-align: left;\">Wir bieten Ihnen f\u00fcr Ihr Vorhaben zielgenaue und individuelle L\u00f6sungen. Wenn Sie Fragen zu unseren Leistungen und M\u00f6glichkeiten haben, auch speziell zu Ihrem Vorhaben, dann kontaktieren Sie uns einfach.<\/p>\n<div class='avia-button-wrap avia-button-left '><a href='https:\/\/www.weluga.de\/index.php\/kontakt' class='avia-button  avia-icon_select-yes-left-icon avia-color-theme-color avia-size-large avia-position-left '   ><span class='avia_button_icon avia_button_icon_left ' aria-hidden='true' data-av_icon='\ue805' data-av_iconfont='entypo-fontello'><\/span><span class='avia_iconbox_title' >KONTAKT<\/span><\/a><\/div>\n<p style=\"text-align: left;\">Wir stehen Ihnen f\u00fcr alle Ihre Fragen zur Verf\u00fcgung und beraten Sie gerne.<\/p>\n<p style=\"text-align: left;\">Ihre <b>weluga<\/b> umweltplanung<\/p>\n<\/div><\/section><\/p><\/div>\n<\/div><\/div><\/div><!-- close content main div --><\/div><\/div><div id='av_section_2' class='avia-section main_color avia-section-default avia-no-shadow avia-bg-style-scroll  container_wrap sidebar_right' style = 'background-color: #cce6ff; background-color: #cce6ff; '  ><div class='container' ><div class='template-page content  av-content-small alpha units'><div class='post-entry post-entry-type-page post-entry-734'><div class='entry-content-wrapper clearfix'>\n<div style='padding-bottom:10px;color:#0a0a0a;' class='av-special-heading av-special-heading-h1 custom-color-heading blockquote modern-quote modern-centered  '><h1 class='av-special-heading-tag'  itemprop=\"headline\"  >Arbeitsfelder<\/h1><div class ='av-subheading av-subheading_below av_custom_color' style='font-size:15px;'><p>Die weluga umweltplanung ist ein unabh\u00e4ngiges Gutachter- und Planungsb\u00fcro im Bereich der Naturschutz- und Umweltplanung.<\/p>\n<\/div><div class='special-heading-border'><div class='special-heading-inner-border' style='border-color:#0a0a0a'><\/div><\/div><\/div>\n<div style='height:50px' class='hr hr-invisible  '><span class='hr-inner ' ><span class='hr-inner-style'><\/span><\/span><\/div>\n<div class=\"flex_column av_one_fourth  flex_column_div first  \" ><article class=\"iconbox iconbox_top av-no-box  \"  itemscope=\"itemscope\" itemtype=\"https:\/\/schema.org\/CreativeWork\" ><div class=\"iconbox_content\"><header class=\"entry-content-header\"><a href='https:\/\/www.weluga.de\/index.php\/arbeitsfelder\/projektplanungen' title='Projektplanungen'  class=\"iconbox_icon heading-color\" aria-hidden='true' data-av_icon='\ue8a5' data-av_iconfont='entypo-fontello'  ><\/a><h3 class='iconbox_content_title'  itemprop=\"headline\"  ><a href='https:\/\/www.weluga.de\/index.php\/arbeitsfelder\/projektplanungen' title='Projektplanungen' >Projektplanungen<\/a><\/h3><\/header><div class='iconbox_content_container '  itemprop=\"text\"  ><p>F\u00fcr die Planung Ihres Projekts in unterschiedlichen Bereichen bieten wir Ihnen verschiedene Leistungen an<\/p>\n<\/div><\/div><footer class=\"entry-footer\"><\/footer><\/article><\/div><div class=\"flex_column av_one_fourth  flex_column_div av-zero-column-padding    \" style='border-radius:0px; '><article class=\"iconbox iconbox_top av-no-box  \"  itemscope=\"itemscope\" itemtype=\"https:\/\/schema.org\/CreativeWork\" ><div class=\"iconbox_content\"><header class=\"entry-content-header\"><a href='https:\/\/www.weluga.de\/index.php\/arbeitsfelder\/natur-artenschutz' title='Natur- &amp; Artenschutz'  class=\"iconbox_icon heading-color\" aria-hidden='true' data-av_icon='\ue8b8' data-av_iconfont='entypo-fontello'  ><\/a><h3 class='iconbox_content_title'  itemprop=\"headline\"  >Natur- &amp; Artenschutz<\/h3><\/header><div class='iconbox_content_container '  itemprop=\"text\"  ><p>Im Bereich des Natur- &amp; Artenschutzes bieten wir Ihnen eine Vielzahl an Leistungen:<\/p>\n<\/div><\/div><footer class=\"entry-footer\"><\/footer><\/article><\/div><div class=\"flex_column av_one_fourth  flex_column_div av-zero-column-padding   \" style='border-radius:0px; '><article class=\"iconbox iconbox_top av-no-box  \"  itemscope=\"itemscope\" itemtype=\"https:\/\/schema.org\/CreativeWork\" ><div class=\"iconbox_content\"><header class=\"entry-content-header\"><a href='https:\/\/www.weluga.de\/index.php\/arbeitsfelder\/sonderuntersuchungen' title='Sonderunter\u00adsuchungen'  class=\"iconbox_icon heading-color\" aria-hidden='true' data-av_icon='\ue803' data-av_iconfont='entypo-fontello'  ><\/a><h3 class='iconbox_content_title'  itemprop=\"headline\"  ><a href='https:\/\/www.weluga.de\/index.php\/arbeitsfelder\/sonderuntersuchungen' title='Sonderunter\u00adsuchungen' >Sonderunter\u00adsuchungen<\/a><\/h3><\/header><div class='iconbox_content_container '  itemprop=\"text\"  ><p>Zu unseren Leistungen geh\u00f6ren auch die Erhebung und Bewertung von faunistischen &amp; floristischen Daten f\u00fcr verschiedene Vorhaben und Fragestellungen.<\/p>\n<\/div><\/div><footer class=\"entry-footer\"><\/footer><\/article><\/div><div class=\"flex_column av_one_fourth  flex_column_div av-zero-column-padding   \" style='border-radius:0px; '><article class=\"iconbox iconbox_top av-no-box  \"  itemscope=\"itemscope\" itemtype=\"https:\/\/schema.org\/CreativeWork\" ><div class=\"iconbox_content\"><header class=\"entry-content-header\"><a href='https:\/\/www.weluga.de\/index.php\/arbeitsfelder\/forschung-bildung' title='Forschung &amp; Bildung'  class=\"iconbox_icon heading-color\" aria-hidden='true' data-av_icon='\ue8d6' data-av_iconfont='entypo-fontello'  ><\/a><h3 class='iconbox_content_title'  itemprop=\"headline\"  ><a href='https:\/\/www.weluga.de\/index.php\/arbeitsfelder\/forschung-bildung' title='Forschung &amp; Bildung' >Forschung &amp; Bildung<\/a><\/h3><\/header><div class='iconbox_content_container '  itemprop=\"text\"  ><p>Auch im Bereich der Forschung &amp; Bildung sind wir t\u00e4tig.<\/p>\n<\/div><\/div><footer class=\"entry-footer\"><\/footer><\/article><\/div><\/div><\/div><\/div><!-- close content main div --><\/div><\/div><div id='after_section_2' class='main_color container_wrap sidebar_right'   ><div class='container' ><div class='template-page content  av-content-small alpha units'><div class='post-entry post-entry-type-page post-entry-734'><div class='entry-content-wrapper clearfix'>\n","protected":false},"excerpt":{"rendered":"<p>This is a Page excerpt. It will be displayed for search results<\/p>\n","protected":false},"author":1,"featured_media":0,"parent":0,"menu_order":0,"comment_status":"open","ping_status":"open","template":"","meta":{"_acf_changed":false,"footnotes":""},"class_list":["post-734","page","type-page","status-publish","hentry"],"acf":[],"_links":{"self":[{"href":"https:\/\/www.weluga.de\/index.php\/wp-json\/wp\/v2\/pages\/734","targetHints":{"allow":["GET"]}}],"collection":[{"href":"https:\/\/www.weluga.de\/index.php\/wp-json\/wp\/v2\/pages"}],"about":[{"href":"https:\/\/www.weluga.de\/index.php\/wp-json\/wp\/v2\/types\/page"}],"author":[{"embeddable":true,"href":"https:\/\/www.weluga.de\/index.php\/wp-json\/wp\/v2\/users\/1"}],"replies":[{"embeddable":true,"href":"https:\/\/www.weluga.de\/index.php\/wp-json\/wp\/v2\/comments?post=734"}],"version-history":[{"count":57,"href":"https:\/\/www.weluga.de\/index.php\/wp-json\/wp\/v2\/pages\/734\/revisions"}],"predecessor-version":[{"id":3455,"href":"https:\/\/www.weluga.de\/index.php\/wp-json\/wp\/v2\/pages\/734\/revisions\/3455"}],"wp:attachment":[{"href":"https:\/\/www.weluga.de\/index.php\/wp-json\/wp\/v2\/media?parent=734"}],"curies":[{"name":"wp","href":"https:\/\/api.w.org\/{rel}","templated":true}]}}