{"id":3624,"date":"2018-08-17T14:42:44","date_gmt":"2018-08-17T12:42:44","guid":{"rendered":"http:\/\/www.weluga.de\/?page_id=3624"},"modified":"2022-02-28T09:08:40","modified_gmt":"2022-02-28T08:08:40","slug":"mitarbeiter","status":"publish","type":"page","link":"https:\/\/www.weluga.de\/index.php\/buero\/mitarbeiter","title":{"rendered":"Mitarbeiter:Innen"},"content":{"rendered":"<\/div><\/div><\/div><!-- close content main div --><\/div><\/div><div id='bannertop' class='avia-section main_color avia-section-default avia-shadow av-parallax-section avia-bg-style-parallax   av-minimum-height av-minimum-height-custom container_wrap sidebar_right'  data-section-bg-repeat='repeat-x' ><div class='av-parallax' data-avia-parallax-ratio='0.3' ><div class='av-parallax-inner main_color ' style = 'background-repeat: repeat-x; background-image: url(https:\/\/www.weluga.de\/wp-content\/uploads\/2013\/04\/welugaheader2.jpg); background-attachment: scroll; background-position: top center; ' ><\/div><\/div><div class='container' style='height:150px'><div class='template-page content  av-content-small alpha units'><div class='post-entry post-entry-type-page post-entry-3624'><div class='entry-content-wrapper clearfix'><\/div><\/div><\/div><!-- close content main div --><\/div><\/div><div id='after_section_1' class='main_color container_wrap sidebar_right'   ><div class='container' ><div class='template-page content  av-content-small alpha units'><div class='post-entry post-entry-type-page post-entry-3624'><div class='entry-content-wrapper clearfix'>\n<div class=\"flex_column av_two_third  flex_column_div av-zero-column-padding first  \" style='border-radius:0px; '><p><div style='padding-bottom:10px;' class='av-special-heading av-special-heading-h1    '><h1 class='av-special-heading-tag'  itemprop=\"headline\"  >Mitarbeiter:innen<\/h1><div class='special-heading-border'><div class='special-heading-inner-border' ><\/div><\/div><\/div><br \/>\n<div style='height:32px' class='hr hr-invisible '><span class='hr-inner ' ><span class='hr-inner-style'><\/span><\/span><\/div><br \/>\n<section class=\"av_textblock_section\"  itemscope=\"itemscope\" itemtype=\"https:\/\/schema.org\/CreativeWork\" ><div class='avia_textblock '   itemprop=\"text\" ><h3>Mona Beuckelmann<\/h3>\n<\/div><\/section><br \/>\n<section class=\"av_textblock_section\"  itemscope=\"itemscope\" itemtype=\"https:\/\/schema.org\/CreativeWork\" ><div class='avia_textblock '   itemprop=\"text\" ><h4><\/h4>\n<table border=\"1\" width=\"100%\" cellspacing=\"2\" cellpadding=\"1\">\n<tbody>\n<tr>\n<td>Telefon:<\/td>\n<td>0234 \/ 414 70 18 7<\/td>\n<\/tr>\n<tr>\n<td>Fax:<\/td>\n<td>0234 \/ 414 70 18 9<\/td>\n<\/tr>\n<tr>\n<td>Email:<\/td>\n<td><a href=\"mailto:mona.beuckelmann@weluga.de\">mona.beuckelmann(at)weluga.de<\/a><\/td>\n<\/tr>\n<\/tbody>\n<\/table>\n<\/div><\/section><br \/>\n<section class=\"av_textblock_section\"  itemscope=\"itemscope\" itemtype=\"https:\/\/schema.org\/CreativeWork\" ><div class='avia_textblock '   itemprop=\"text\" ><h3>Philipp Antoniou<\/h3>\n<\/div><\/section><br \/>\n<section class=\"av_textblock_section\"  itemscope=\"itemscope\" itemtype=\"https:\/\/schema.org\/CreativeWork\" ><div class='avia_textblock '   itemprop=\"text\" ><h4><\/h4>\n<table border=\"1\" width=\"100%\" cellspacing=\"2\" cellpadding=\"1\">\n<tbody>\n<tr>\n<td>Telefon:<\/td>\n<td>0234 \/ 414 70 18 6<\/td>\n<\/tr>\n<tr>\n<td>Fax:<\/td>\n<td>0234 \/ 414 70 18 9<\/td>\n<\/tr>\n<tr>\n<td>Email:<\/td>\n<td>phili<a href=\"mailto:philipp.antoniou@weluga.de\">philipp.antoniou(at)weluga.de<\/a><\/td>\n<\/tr>\n<\/tbody>\n<\/table>\n<\/div><\/section><br \/>\n<div style='height:50px' class='hr hr-invisible  '><span class='hr-inner ' ><span class='hr-inner-style'><\/span><\/span><\/div><br \/>\n<section class=\"av_textblock_section\"  itemscope=\"itemscope\" itemtype=\"https:\/\/schema.org\/CreativeWork\" ><div class='avia_textblock '   itemprop=\"text\" ><p>Dar\u00fcber hinaus verf\u00fcgen wir \u00fcber einen gro\u00dfen Stamm an freien Mitarbeiter:innen aus den unterschiedlichen Fachbereichen, die uns bei Projekten entsprechend unterst\u00fctzen.<\/p>\n<\/div><\/section><\/p><\/div><div class=\"flex_column av_one_third  flex_column_div av-zero-column-padding   \" style='border-radius:0px; '><div class='avia-gallery avia-gallery-1 deactivate_avia_lazyload avia_animate_when_visible  '  itemscope=\"itemscope\" itemtype=\"https:\/\/schema.org\/ImageObject\" ><div class='avia-gallery-thumb'> <a href='https:\/\/www.weluga.de\/wp-content\/uploads\/2016\/01\/IMG_5828b-1030x694.jpg' data-rel='gallery-1' data-prev-img='https:\/\/www.weluga.de\/wp-content\/uploads\/2016\/01\/IMG_5828b-495x400.jpg' class='first_thumb lightbox ' data-onclick='1' title=''  itemprop=\"contentURL\" ><img  src='https:\/\/www.weluga.de\/wp-content\/uploads\/2016\/01\/IMG_5828b-495x400.jpg' width='495' height='400'  title='Heike Galhoff bei der Arbeit' alt='' \/><\/a> <a href='https:\/\/www.weluga.de\/wp-content\/uploads\/2016\/01\/IMG_1996b-1030x728.jpg' data-rel='gallery-1' data-prev-img='https:\/\/www.weluga.de\/wp-content\/uploads\/2016\/01\/IMG_1996b-495x400.jpg' class='first_thumb lightbox ' data-onclick='2' title=''  itemprop=\"contentURL\" ><img  src='https:\/\/www.weluga.de\/wp-content\/uploads\/2016\/01\/IMG_1996b-495x400.jpg' width='495' height='400'  title='Schleiereule' alt='' \/><\/a> <a href='https:\/\/www.weluga.de\/wp-content\/uploads\/2016\/01\/IMG_2630b-1030x706.jpg' data-rel='gallery-1' data-prev-img='https:\/\/www.weluga.de\/wp-content\/uploads\/2016\/01\/IMG_2630b-495x400.jpg' class='first_thumb lightbox ' data-onclick='3' title=''  itemprop=\"contentURL\" ><img  src='https:\/\/www.weluga.de\/wp-content\/uploads\/2016\/01\/IMG_2630b-495x400.jpg' width='495' height='400'  title='' alt='' \/><\/a><\/div><\/div><\/div><\/p>\n","protected":false},"excerpt":{"rendered":"","protected":false},"author":2,"featured_media":0,"parent":3401,"menu_order":6,"comment_status":"closed","ping_status":"closed","template":"","meta":{"_acf_changed":false,"footnotes":""},"class_list":["post-3624","page","type-page","status-publish","hentry"],"acf":[],"_links":{"self":[{"href":"https:\/\/www.weluga.de\/index.php\/wp-json\/wp\/v2\/pages\/3624","targetHints":{"allow":["GET"]}}],"collection":[{"href":"https:\/\/www.weluga.de\/index.php\/wp-json\/wp\/v2\/pages"}],"about":[{"href":"https:\/\/www.weluga.de\/index.php\/wp-json\/wp\/v2\/types\/page"}],"author":[{"embeddable":true,"href":"https:\/\/www.weluga.de\/index.php\/wp-json\/wp\/v2\/users\/2"}],"replies":[{"embeddable":true,"href":"https:\/\/www.weluga.de\/index.php\/wp-json\/wp\/v2\/comments?post=3624"}],"version-history":[{"count":19,"href":"https:\/\/www.weluga.de\/index.php\/wp-json\/wp\/v2\/pages\/3624\/revisions"}],"predecessor-version":[{"id":3678,"href":"https:\/\/www.weluga.de\/index.php\/wp-json\/wp\/v2\/pages\/3624\/revisions\/3678"}],"up":[{"embeddable":true,"href":"https:\/\/www.weluga.de\/index.php\/wp-json\/wp\/v2\/pages\/3401"}],"wp:attachment":[{"href":"https:\/\/www.weluga.de\/index.php\/wp-json\/wp\/v2\/media?parent=3624"}],"curies":[{"name":"wp","href":"https:\/\/api.w.org\/{rel}","templated":true}]}}