{"id":3565,"date":"2016-01-23T12:44:59","date_gmt":"2016-01-23T11:44:59","guid":{"rendered":"http:\/\/dev.weluga.de\/?page_id=3565"},"modified":"2021-07-08T08:57:42","modified_gmt":"2021-07-08T06:57:42","slug":"impressum","status":"publish","type":"page","link":"https:\/\/www.weluga.de\/index.php\/impressum","title":{"rendered":"Impressum"},"content":{"rendered":"<div class=\"flex_column av_one_fifth  flex_column_div av-zero-column-padding first  \" style='border-radius:0px; '><div class='avia-image-container  av-styling-   hide-on-small avia-align-center '  itemscope=\"itemscope\" itemtype=\"https:\/\/schema.org\/ImageObject\"  ><div class='avia-image-container-inner'><img class='avia_image ' src='https:\/\/www.weluga.de\/wp-content\/uploads\/2013\/04\/start_vogel.png' alt='' title=''   itemprop=\"contentURL\"  \/><\/div><\/div><\/div>\n<div class=\"flex_column av_two_third  flex_column_div av-zero-column-padding   \" style='border-radius:0px; '><p><div style='padding-bottom:10px;' class='av-special-heading av-special-heading-h1  blockquote modern-quote  '><h1 class='av-special-heading-tag'  itemprop=\"headline\"  > Impressum<\/h1><div class='special-heading-border'><div class='special-heading-inner-border' ><\/div><\/div><\/div><br \/>\n<section class=\"av_textblock_section\"  itemscope=\"itemscope\" itemtype=\"https:\/\/schema.org\/CreativeWork\" ><div class='avia_textblock '   itemprop=\"text\" ><p>weluga umweltplanung<br \/>\nWeber, Ludwig, Galhoff und Partner<\/p>\n<p>Ewaldstra\u00dfe 14<br \/>\n44789 Bochum<\/p>\n<p>Tel.: 0234 \/ 414 70 18 0<br \/>\nFax: 0234 \/ 414 70 18 9<br \/>\nEmail: <a href=\"mailto:info@weluga.de\">info@weluga.de<\/a><\/p>\n<p>Steuernummer: 306\/5248\/1346<br \/>\nPartnergesellschaft in Bochum, Amtsgericht Essen PR1160<\/p>\n<p><strong>Design &amp; Realisation:<\/strong><br \/>\n<div style='height:2px' class='hr hr-invisible '><span class='hr-inner ' ><span class='hr-inner-style'><\/span><\/span><\/div><a href=\"http:\/\/www.malermedia.de\" target=\"_blank\"><img loading=\"lazy\" decoding=\"async\" class=\"maler alignleft wp-image-3574 size-full\" src=\"http:\/\/dev.weluga.de\/wp-content\/uploads\/2016\/01\/malerMEDIA_CMYK.png\" alt=\"malerMEDIA\" width=\"1500\" height=\"361\" srcset=\"https:\/\/www.weluga.de\/wp-content\/uploads\/2016\/01\/malerMEDIA_CMYK.png 1500w, https:\/\/www.weluga.de\/wp-content\/uploads\/2016\/01\/malerMEDIA_CMYK-300x72.png 300w, https:\/\/www.weluga.de\/wp-content\/uploads\/2016\/01\/malerMEDIA_CMYK-768x185.png 768w, https:\/\/www.weluga.de\/wp-content\/uploads\/2016\/01\/malerMEDIA_CMYK-1030x248.png 1030w, https:\/\/www.weluga.de\/wp-content\/uploads\/2016\/01\/malerMEDIA_CMYK-705x170.png 705w, https:\/\/www.weluga.de\/wp-content\/uploads\/2016\/01\/malerMEDIA_CMYK-450x108.png 450w\" sizes=\"auto, (max-width: 1500px) 100vw, 1500px\" \/><\/a><br \/>\n<div style='height:2px' class='hr hr-invisible '><span class='hr-inner ' ><span class='hr-inner-style'><\/span><\/span><\/div><\/p>\n<p><strong>Rechtshinweis:<\/strong><br \/>\nweluga umweltplanung ist alleiniger Inhaber der auf dieser Website erhobenen Informationen, Abbildungen und Fotos. Wir erheben nur Informationen, die uns helfen, den Service f\u00fcr Sie zu verbessern. Die Informationen werden nicht &#8211; ohne Ihr Einverst\u00e4ndnis &#8211; ver\u00e4u\u00dfert oder auf eine andere Weise, die nicht durch diese Erkl\u00e4rung ausgeschlossen ist, an andere weitergegeben, au\u00dfer, wenn wir dies in gutem Glauben aus gesetzlichen Gr\u00fcnden f\u00fcr notwendig halten oder wenn es notwendig ist, die Rechte und das Eigentum von weluga umweltplanung zu wahren, oder wenn die pers\u00f6nliche Sicherheit des Personals oder der \u00d6ffentlichkeit gef\u00e4hrdet ist.<\/p>\n<p style=\"text-align: left;\">Alle Informationen, Abbildungen und Fotos auf dieser Website copyright \u00a9 von weluga umweltplanung. Fotos auf dieser Webseite sind Eigentum von Dr. Heike Galhoff, Benjamin Hamann, Claudia Katzenmeier, Dr. J\u00f6rg Kretzschmar, Dankwart Ludwig und Guido Weber &#8211; alle Rechte vorbehalten 2018.<\/p>\n<p style=\"text-align: left;\"><a href=\"http:\/\/www.disclaimer.de\/disclaimer.htm\" target=\"_blank\">Haftungsausschluss<\/a><\/p>\n<p><span style=\"color: #330033; font-family: Arial, sans-serif; font-size: 16.6667px; line-height: 29.1667px;\">\u00a0<\/span><code><\/code><\/p>\n<\/div><\/section><\/p><\/div>\n","protected":false},"excerpt":{"rendered":"","protected":false},"author":1,"featured_media":0,"parent":0,"menu_order":0,"comment_status":"closed","ping_status":"closed","template":"","meta":{"_acf_changed":false,"footnotes":""},"class_list":["post-3565","page","type-page","status-publish","hentry"],"acf":[],"_links":{"self":[{"href":"https:\/\/www.weluga.de\/index.php\/wp-json\/wp\/v2\/pages\/3565","targetHints":{"allow":["GET"]}}],"collection":[{"href":"https:\/\/www.weluga.de\/index.php\/wp-json\/wp\/v2\/pages"}],"about":[{"href":"https:\/\/www.weluga.de\/index.php\/wp-json\/wp\/v2\/types\/page"}],"author":[{"embeddable":true,"href":"https:\/\/www.weluga.de\/index.php\/wp-json\/wp\/v2\/users\/1"}],"replies":[{"embeddable":true,"href":"https:\/\/www.weluga.de\/index.php\/wp-json\/wp\/v2\/comments?post=3565"}],"version-history":[{"count":10,"href":"https:\/\/www.weluga.de\/index.php\/wp-json\/wp\/v2\/pages\/3565\/revisions"}],"predecessor-version":[{"id":3672,"href":"https:\/\/www.weluga.de\/index.php\/wp-json\/wp\/v2\/pages\/3565\/revisions\/3672"}],"wp:attachment":[{"href":"https:\/\/www.weluga.de\/index.php\/wp-json\/wp\/v2\/media?parent=3565"}],"curies":[{"name":"wp","href":"https:\/\/api.w.org\/{rel}","templated":true}]}}