{"id":3494,"date":"2016-01-22T18:08:34","date_gmt":"2016-01-22T17:08:34","guid":{"rendered":"http:\/\/dev.weluga.de\/?page_id=3494"},"modified":"2018-08-17T14:29:41","modified_gmt":"2018-08-17T12:29:41","slug":"faunistische-und-floristische-sonderuntersuchungen-auszug","status":"publish","type":"page","link":"https:\/\/www.weluga.de\/index.php\/referenzen\/faunistische-und-floristische-sonderuntersuchungen-auszug","title":{"rendered":"Faunisti&shy;sche Sonder&shy;unter&shy;suchungen"},"content":{"rendered":"<\/div><\/div><\/div><!-- close content main div --><\/div><\/div><div id='bannertop' class='avia-section main_color avia-section-default avia-shadow av-parallax-section avia-bg-style-parallax   av-minimum-height av-minimum-height-custom container_wrap sidebar_right'  data-section-bg-repeat='repeat-x' ><div class='av-parallax' data-avia-parallax-ratio='0.3' ><div class='av-parallax-inner main_color ' style = 'background-repeat: repeat-x; background-image: url(https:\/\/www.weluga.de\/wp-content\/uploads\/2013\/04\/welugaheader2.jpg); background-attachment: scroll; background-position: top center; ' ><\/div><\/div><div class='container' style='height:150px'><div class='template-page content  av-content-small alpha units'><div class='post-entry post-entry-type-page post-entry-3494'><div class='entry-content-wrapper clearfix'><\/div><\/div><\/div><!-- close content main div --><\/div><\/div><div id='after_section_1' class='main_color container_wrap sidebar_right'   ><div class='container' ><div class='template-page content  av-content-small alpha units'><div class='post-entry post-entry-type-page post-entry-3494'><div class='entry-content-wrapper clearfix'>\n<div class=\"flex_column av_two_third  flex_column_div av-zero-column-padding first  \" style='border-radius:0px; '><p><div style='padding-bottom:10px;' class='av-special-heading av-special-heading-h1    '><h1 class='av-special-heading-tag'  itemprop=\"headline\"  >Faunistische und Floristische Sonder\u00adunter\u00adsuchun\u00adgen (Auszug)<\/h1><div class='special-heading-border'><div class='special-heading-inner-border' ><\/div><\/div><\/div><br \/>\n<div style='height:50px' class='hr hr-invisible  '><span class='hr-inner ' ><span class='hr-inner-style'><\/span><\/span><\/div><br \/>\n<section class=\"av_textblock_section\"  itemscope=\"itemscope\" itemtype=\"https:\/\/schema.org\/CreativeWork\" ><div class='avia_textblock '   itemprop=\"text\" ><ul>\n<li>Gew\u00e4sseruntersuchung bei der Bocholter Aa, Tuttahs &amp; Meyer, Borken, 2015<\/li>\n<li>A 448 in Bochum, Planfeststellungsbeschluss III. 8-32-03\/487 zum Neubau der A 44 (jetzt 448), Monitoring Flederm\u00e4use und V\u00f6gel 2014 bis 2016, Landesbetrieb Stra\u00dfenbau NRW, Bochum, 2014<\/li>\n<li>Ausweisung eines Gewerbegebiets s\u00fcdlich der D\u00fcrener Stra\u00dfe in Eschweiler. Faunistische (V\u00f6gel, Flederm\u00e4use, Amphibien, Reptilien) und floristische Untersuchungen, Artenschutzrechtlicher Fachbeitrag, Umweltbericht. FIRU, Koblenz in 2014<\/li>\n<li>DB-Tunnel Wuppertal-Langerfeld, Erfassung des Bestands der Avifauna und Reptilien im bereich Rauentaler Tunnel und Langerfelder Tunnel in Wuppertal-Langerfeld, Simon &amp; Widdig Gbr, Wuppertal, 2014<\/li>\n<li>Faunistische und Floristische Sonderuntersuchung im Planungsgebiet um Wendlingen\/Ulm, B + P, Kirchheim, 2014<\/li>\n<li>Neubau B7n Bestwig\/Nuttlar bis Brilon. Faunistische Kartierungen (V\u00f6gel, Fleder-m\u00e4use). Kuhlmann &amp; Stucht, Bochum i.A. Landesbetrieb Stra\u00dfenbau Nordrhein-Westfalen, Regionalniederlassung Sauerland-Hochstift in 2014\/2015.<\/li>\n<li>Umbau der AS L\u00fcdenscheid und der L 655 an der A 45 einschlie\u00dflich Mitfahrer-parkplatz an der A 45 \/ L 655. Haselmausuntersuchung. Artenschutzrechtlicher Fachbeitrag. Landesbetrieb Stra\u00dfenbau Nordrhein-Westfalen, Regionalniederlassung S\u00fcdwestfalen, Hagen 2014-2015.<\/li>\n<li>Pumpspeicherwerk (PSW Atdorf). Kartierung der Avifauna und Biotoptypen f\u00fcr Kompensations- und Koh\u00e4renzfl\u00e4chen. Bosch &amp; Partner i. A. der Schluchseewerke AG in 2014<\/li>\n<li>Massener Bach n\u00f6rdlich der Provinzialstra\u00dfe im Kreis Unna. Erfassungen von Fle-derm\u00e4usen, V\u00f6geln, Haselm\u00e4usen und Fischen. Artenschutzrechtlicher Fachbeitrag. Landesbetrieb Stra\u00dfenbau NRW Regionalniederlassung Ruhr &#8211; Haus Bochum in 2014\/2015.<\/li>\n<li>BAB 45 AS Hagen-S\u00fcd bis AS L\u00fcdenscheid-Nord, Br\u00fcckenersatzneubau und Untersuchung Kapazit\u00e4tserweiterung. Faunistische Kartierungen (Flederm\u00e4use, Haselmaus, Amphibien, Reptilien), artenschutzrechtliche Baubegleitung, Landesbetrieb Stra\u00dfenbau Nordrhein-Westfalen, Regionalniederlassung S\u00fcdwestfalen, Hagen 2013-2015<\/li>\n<li>ICE-Werk K\u00f6ln-Nippes, Fang- und Umsiedlungsma\u00dfnahmen der Zauneidechsen im Baufeld 1-3. DB Fernverkehr AG, K\u00f6ln 2014<\/li>\n<li>Umsiedlung der Zauneidechsen vom geplanten Gewerbegebiet VohRang in die Grube 7 (Stadt Haan) &#8211; Begleitendes Monitoring 2012\/2013, Stadt Wuppertal, Ressort Umweltschutz 2012-2014<\/li>\n<li>Untersuchung m\u00f6glicher Fledermausquartiere in Geh\u00f6lzbest\u00e4nden an der L419 in Wuppertal-Ronsdorf, Landesbetrieb Stra\u00dfenbau NRW, Wuppertal, 2014<\/li>\n<li>Faunistische Bestandserfassung und Biotopkartierung, H\u00fcller Bach, \u00f6kologische Verbesserung von km 0,00 bis km 8,00 in Bochum, Herne und Gelsenkirchen, Be-reich ehemalige Kl\u00e4ranlage Bochum-H\u00f6rdel, Emschergenossenschaft, Bochum, 2013<\/li>\n<li>Kontrolle des Schw\u00e4rmverhaltens von Flederm\u00e4usen am Tunnel Dorp im Rahmen der \u00f6kologischen Baubegleitung im Zuge der Bauma\u00dfnahmen an der Nordbahntrasse in Wuppertal, Ingenieurb\u00fcro Reinhard Beck GmbH &amp; Co. KG, 2013<\/li>\n<li>Geplante Windernergieanlage am LAGO in Herne-Sodingen, Untersuchung der Fledermaus-Fauna, B\u00fcro Drecker, Herne, 2013<\/li>\n<li>Faunistische Untersuchungen und Artenschutzrechtlicher Fachbeitrag zur Artenschutzpr\u00fcfung nach \u00a7 44 BNatSchG zur Planung von Windenergieanlagen (WEA) bei Niederkr\u00fcchten, SL WINDENERGIE GmbH, 2013<\/li>\n<li>Trianel Gas- und Dampfkraftwerk (GuD) in Uerdingen &#8211; Faunistische und vegetationskundliche Untersuchungen im Bereich des geplanten Standorts, Grontmij GmbH, 2012<\/li>\n<\/ul>\n<\/div><\/section><\/p><\/div>\n","protected":false},"excerpt":{"rendered":"","protected":false},"author":1,"featured_media":0,"parent":3385,"menu_order":6,"comment_status":"closed","ping_status":"closed","template":"","meta":{"_acf_changed":false,"footnotes":""},"class_list":["post-3494","page","type-page","status-publish","hentry"],"acf":[],"_links":{"self":[{"href":"https:\/\/www.weluga.de\/index.php\/wp-json\/wp\/v2\/pages\/3494","targetHints":{"allow":["GET"]}}],"collection":[{"href":"https:\/\/www.weluga.de\/index.php\/wp-json\/wp\/v2\/pages"}],"about":[{"href":"https:\/\/www.weluga.de\/index.php\/wp-json\/wp\/v2\/types\/page"}],"author":[{"embeddable":true,"href":"https:\/\/www.weluga.de\/index.php\/wp-json\/wp\/v2\/users\/1"}],"replies":[{"embeddable":true,"href":"https:\/\/www.weluga.de\/index.php\/wp-json\/wp\/v2\/comments?post=3494"}],"version-history":[{"count":4,"href":"https:\/\/www.weluga.de\/index.php\/wp-json\/wp\/v2\/pages\/3494\/revisions"}],"predecessor-version":[{"id":3613,"href":"https:\/\/www.weluga.de\/index.php\/wp-json\/wp\/v2\/pages\/3494\/revisions\/3613"}],"up":[{"embeddable":true,"href":"https:\/\/www.weluga.de\/index.php\/wp-json\/wp\/v2\/pages\/3385"}],"wp:attachment":[{"href":"https:\/\/www.weluga.de\/index.php\/wp-json\/wp\/v2\/media?parent=3494"}],"curies":[{"name":"wp","href":"https:\/\/api.w.org\/{rel}","templated":true}]}}