{"id":3488,"date":"2016-01-22T18:02:55","date_gmt":"2016-01-22T17:02:55","guid":{"rendered":"http:\/\/dev.weluga.de\/?page_id=3488"},"modified":"2018-08-17T14:33:56","modified_gmt":"2018-08-17T12:33:56","slug":"oekologische-baubegleitungen","status":"publish","type":"page","link":"https:\/\/www.weluga.de\/index.php\/referenzen\/oekologische-baubegleitungen","title":{"rendered":"\u00d6ko&shy;logi&shy;sche \/ Natur&shy;schutz&shy;fachliche Bau&shy;be&shy;gleitungen"},"content":{"rendered":"<\/div><\/div><\/div><!-- close content main div --><\/div><\/div><div id='bannertop' class='avia-section main_color avia-section-default avia-shadow av-parallax-section avia-bg-style-parallax   av-minimum-height av-minimum-height-custom container_wrap sidebar_right'  data-section-bg-repeat='repeat-x' ><div class='av-parallax' data-avia-parallax-ratio='0.3' ><div class='av-parallax-inner main_color ' style = 'background-repeat: repeat-x; background-image: url(https:\/\/www.weluga.de\/wp-content\/uploads\/2013\/04\/welugaheader2.jpg); background-attachment: scroll; background-position: top center; ' ><\/div><\/div><div class='container' style='height:150px'><div class='template-page content  av-content-small alpha units'><div class='post-entry post-entry-type-page post-entry-3488'><div class='entry-content-wrapper clearfix'><\/div><\/div><\/div><!-- close content main div --><\/div><\/div><div id='after_section_1' class='main_color container_wrap sidebar_right'   ><div class='container' ><div class='template-page content  av-content-small alpha units'><div class='post-entry post-entry-type-page post-entry-3488'><div class='entry-content-wrapper clearfix'>\n<div class=\"flex_column av_two_third  flex_column_div av-zero-column-padding first  \" style='border-radius:0px; '><p><div style='padding-bottom:10px;' class='av-special-heading av-special-heading-h1    '><h1 class='av-special-heading-tag'  itemprop=\"headline\"  >\u00d6ko\u00adlogi\u00adsche Bau\u00adbe\u00adgleitungen (Auszug)<\/h1><div class='special-heading-border'><div class='special-heading-inner-border' ><\/div><\/div><\/div><br \/>\n<div style='height:50px' class='hr hr-invisible  '><span class='hr-inner ' ><span class='hr-inner-style'><\/span><\/span><\/div><br \/>\n<section class=\"av_textblock_section\"  itemscope=\"itemscope\" itemtype=\"https:\/\/schema.org\/CreativeWork\" ><div class='avia_textblock '   itemprop=\"text\" ><ul>\n<li>Artenschutzrechtliche Baubegleitung im Zuge des 6-streifigen Ausbaus der A 43 in Recklinghausen, Stra\u00dfen NRW Bochum, ab September 2012 bis 2015<\/li>\n<li>\u00d6kologische Baubegleitung zur Sanierung des Tunnels Engelnberg in Wuppertal, Nordbahntrassen GmbH Wuppertal 2014<\/li>\n<li>\u00d6kologische Baubegleitung zum Bau des Fu\u00df- und Radwegs Nordbahntrasse in Wuppertal, Ing.-B\u00fcro Beck (Generalplanung)\/Stadt Wuppertal 2013-2014<\/li>\n<li>\u00d6kologische Baubegleitung der 10kV-Kabeltrasse in Bochum-Linden, Steag, Bochum, 2013-2015<\/li>\n<li>\u00d6kologische Baubegleitung Bauvorhaben COLUMBUS McKINNON im &#8222;Mittelstandspark VohRang&#8220; B-Plan 1081 in Wuppertal, WFD DERWALD GmbH &amp; Co. KG, Dortmund 2012\/2013<\/li>\n<li>\u00d6kologische Baubegleitung f\u00fcr das Bauvorhaben Siemens AG im Bereich des B-Plans Nr. 767 &#8211; Adolf-Dembach-Stra\u00dfe\/Friedensstra\u00dfe &#8211; in Krefeld. Schwarze und Partner, Landschaftsarchitekten, Krefeld i.A. Siemens Real Estate in 2012<\/li>\n<li>Bebauungsplan 825 &#8222;Baumarkt Hauptstra\u00dfe&#8220; in Bochum Langendreer &#8211; Umsetzung projektbezogener Ma\u00dfnahmen zur Vermeidung artenschutzrechtlicher Verbotsbest\u00e4nde im Rahmen der Baufeldr\u00e4umung, FAM Immobilien GmbH &amp; Co. KG, Oberhausen, 2011<\/li>\n<li>Ausbau und Verlegung der L705 &#8211; Kosterstra\u00dfe Untersuchung der Alten Schule Haarstra\u00dfe , der zum Abriss vorgesehenen Wohngeb\u00e4ude auf Vorkommen von Flederm\u00e4usen, Stra\u00dfen NRW Bochum, 2011 bis 2012<\/li>\n<li>Evakuierung der Zauneidechsenpopulation im Zuge der Kanalverlegung Sammler Wuppertal-S\u00fcd, Wuppertaler Stadtwerke AG in 2010 bis 2012<\/li>\n<li>\u00d6kologische Baubegleitung zum Bau eines EDEKA-Marktes in Krefeld-H\u00fcls, Niederrheinische Baugesellschaft AG in 2010<\/li>\n<li>\u00d6kologische Baubegleitung zum Bau des Regenr\u00fcckhalte- und Regenkl\u00e4rbeckens Vohwinkel-S\u00fcd, Wuppertaler Stadtwerke AG in 2007-2010<\/li>\n<\/ul>\n<\/div><\/section><\/p><\/div>\n","protected":false},"excerpt":{"rendered":"","protected":false},"author":1,"featured_media":0,"parent":3385,"menu_order":4,"comment_status":"closed","ping_status":"closed","template":"","meta":{"_acf_changed":false,"footnotes":""},"class_list":["post-3488","page","type-page","status-publish","hentry"],"acf":[],"_links":{"self":[{"href":"https:\/\/www.weluga.de\/index.php\/wp-json\/wp\/v2\/pages\/3488","targetHints":{"allow":["GET"]}}],"collection":[{"href":"https:\/\/www.weluga.de\/index.php\/wp-json\/wp\/v2\/pages"}],"about":[{"href":"https:\/\/www.weluga.de\/index.php\/wp-json\/wp\/v2\/types\/page"}],"author":[{"embeddable":true,"href":"https:\/\/www.weluga.de\/index.php\/wp-json\/wp\/v2\/users\/1"}],"replies":[{"embeddable":true,"href":"https:\/\/www.weluga.de\/index.php\/wp-json\/wp\/v2\/comments?post=3488"}],"version-history":[{"count":4,"href":"https:\/\/www.weluga.de\/index.php\/wp-json\/wp\/v2\/pages\/3488\/revisions"}],"predecessor-version":[{"id":3681,"href":"https:\/\/www.weluga.de\/index.php\/wp-json\/wp\/v2\/pages\/3488\/revisions\/3681"}],"up":[{"embeddable":true,"href":"https:\/\/www.weluga.de\/index.php\/wp-json\/wp\/v2\/pages\/3385"}],"wp:attachment":[{"href":"https:\/\/www.weluga.de\/index.php\/wp-json\/wp\/v2\/media?parent=3488"}],"curies":[{"name":"wp","href":"https:\/\/api.w.org\/{rel}","templated":true}]}}