{"id":3463,"date":"2016-01-22T17:37:33","date_gmt":"2016-01-22T16:37:33","guid":{"rendered":"http:\/\/dev.weluga.de\/?page_id=3463"},"modified":"2018-08-17T14:32:23","modified_gmt":"2018-08-17T12:32:23","slug":"artenschutzfachbeitraege-auszug","status":"publish","type":"page","link":"https:\/\/www.weluga.de\/index.php\/referenzen\/artenschutzfachbeitraege-auszug","title":{"rendered":"Arten&shy;schutz&shy;fach&shy;beitr\u00e4ge\/ -pru\u0308fungen"},"content":{"rendered":"<\/div><\/div><\/div><!-- close content main div --><\/div><\/div><div id='bannertop' class='avia-section main_color avia-section-default avia-shadow av-parallax-section avia-bg-style-parallax   av-minimum-height av-minimum-height-custom container_wrap sidebar_right'  data-section-bg-repeat='repeat-x' ><div class='av-parallax' data-avia-parallax-ratio='0.3' ><div class='av-parallax-inner main_color ' style = 'background-repeat: repeat-x; background-image: url(https:\/\/www.weluga.de\/wp-content\/uploads\/2013\/04\/welugaheader2.jpg); background-attachment: scroll; background-position: top center; ' ><\/div><\/div><div class='container' style='height:150px'><div class='template-page content  av-content-small alpha units'><div class='post-entry post-entry-type-page post-entry-3463'><div class='entry-content-wrapper clearfix'><\/div><\/div><\/div><!-- close content main div --><\/div><\/div><div id='after_section_1' class='main_color container_wrap sidebar_right'   ><div class='container' ><div class='template-page content  av-content-small alpha units'><div class='post-entry post-entry-type-page post-entry-3463'><div class='entry-content-wrapper clearfix'>\n<div class=\"flex_column av_two_third  flex_column_div av-zero-column-padding first  \" style='border-radius:0px; '><p><div style='padding-bottom:10px;' class='av-special-heading av-special-heading-h1    '><h1 class='av-special-heading-tag'  itemprop=\"headline\"  >Arten\u00adschutz\u00adfach\u00adbeitr\u00e4ge (Auszug)<\/h1><div class='special-heading-border'><div class='special-heading-inner-border' ><\/div><\/div><\/div><br \/>\n<div style='height:50px' class='hr hr-invisible  '><span class='hr-inner ' ><span class='hr-inner-style'><\/span><\/span><\/div><br \/>\n<section class=\"av_textblock_section\"  itemscope=\"itemscope\" itemtype=\"https:\/\/schema.org\/CreativeWork\" ><div class='avia_textblock '   itemprop=\"text\" ><ul>\n<li>Rahmenplanung Konversionsgebiet Castelnau II in Trier, Fachbeitr\u00e4ge: Fauna und Biotope, Vorpr\u00fcfung Artenschutz und FFH-Vertr\u00e4glichkeitspr\u00fcfung, EGP GmbH, Trier, 2013-2015<\/li>\n<li>Artenschutzrechtlicher Fachbeitrag nach \u00a7 44 BNatSchG zum Abrissvorhaben an der Kreuzstra\u00dfe 11- 13, Stadt Bochum, Bochum, 2015<\/li>\n<li>Bebauungsplan Dorsten Nr. 234 &#8211; Marler Stra\u00dfe \/ Im Stadtsfeld, Artenschutzrechtlicher Fachbeitrag nach \u00a7 44 BNatSchG, hier: Vorpr\u00fcfung, Stufe I der ASP, Lippeverband, Dorsten, 2015<\/li>\n<li>Errichtung einer Kindertagesst\u00e4tte an der Emmericher Stra\u00dfe in Duisburg-Obermeiderrich, Artenschutzrechtliche Pr\u00fcfung nach \u00a7 44 BNatSchG, hier: Vorpr\u00fcfung, Stufe I der ASP, LINDEX- Projektierungs GmbH, Duisburg, 2015<\/li>\n<li>Abbruch und Neubau eines Bau- und Gartenmarktes in D\u00fclmen, Artenschutzrechtliche Pr\u00fcfung nach \u00a7 44 BNatSchG, hier: Vorpr\u00fcfung, Stufe I der ASP, Hellweg Die Profi-Baum\u00e4rkte GmbH &amp; Co. KG, D\u00fclmen, 2015<\/li>\n<li>Bauvorhaben Freilager im Chemiepark Dormagen, Artenschutzrechtliche Pr\u00fcfung nach \u00a7 44 BNatSchG, hier: Vorpr\u00fcfung, Stufe I der ASP, HOYER GmbH Internationale Fachspedition, Dormagen, 2015<\/li>\n<li>Rekultivierungsma\u00dfnahmen auf der Zentraldeponie Emscherbruch (ZDE) in Gelsenkirchen. Faunistische Bestandserfassungen sowie artenschutzrechtlicher Fachbeitrag, AGR mbH, ZD Emscherbruch, 2014<\/li>\n<li>Geh\u00f6lzrodungen f\u00fcr Bauma\u00dfnahmen an L\u00e4rmschutzw\u00e4nden- und W\u00e4llen zwischen den Autobahnabschnitten AS Duisburg &#8211; Beeckerwerth und AK Duisburg &#8211; Nord. Untersuchung von Geh\u00f6lzbest\u00e4nden, Artenschutzrechtliche Pr\u00fcfung nach \u00a7 44 BNatSchG hier: Vorpr\u00fcfung, Stufe I der ASP, Landesbetrieb Stra\u00dfenbau Nordrhein-Westfalen Regionalniederlassung Ruhr, 2014<\/li>\n<li>Umgestaltung des Erlenbusch-Teiches am Oberd\u00fcsseler Weg in Wuppertal (Haus am Waldsee), Untersuchungen zum Artenschutz, Artenschutzrechtliche Pr\u00fcfung nach \u00a7 44 BNatSchG, WSW Energie &amp; Wasser Gesellschaft, Wuppertal, 2014<\/li>\n<li>Neubauvorhaben in Ratingen Flurst\u00fccke 705 und 597 zwischen Oststra\u00dfe, Balcke-D\u00fcrr-Allee und Hugo-Schlimm-Stra\u00dfe, Artenschutzrechtliche Pr\u00fcfung nach \u00a7 44 BNatSchG, hier: Vorpr\u00fcfung, Stufe I der ASP, Brune real Estate AG &amp; Co. KG, Ratingen, 2014<\/li>\n<li>Abbruch Geb\u00e4udebestand an der Hagener Stra\u00dfe 340 in Gevelsberg, Artenschutzrechtlicher Fachbeitrag nach \u00a7 44 BNatSchG, hier: Vorpr\u00fcfung, Stufe I der ASP, Stadtentwicklung, Umwelt, Wirtschaftsf\u00f6rderung &#8211; Stadt Gevelsberg, Gevelsberg, 2014<\/li>\n<li>Gew\u00e4sserumbau am Unterlauf des Kamperbachs in Witten-Herbede, Artenschutzrechtlicher Fachbeitrag (Stufe I der ASP), Stadt Witten, Witten, 2013<\/li>\n<\/ul>\n<\/div><\/section><\/p><\/div>\n","protected":false},"excerpt":{"rendered":"","protected":false},"author":1,"featured_media":0,"parent":3385,"menu_order":1,"comment_status":"closed","ping_status":"closed","template":"","meta":{"_acf_changed":false,"footnotes":""},"class_list":["post-3463","page","type-page","status-publish","hentry"],"acf":[],"_links":{"self":[{"href":"https:\/\/www.weluga.de\/index.php\/wp-json\/wp\/v2\/pages\/3463","targetHints":{"allow":["GET"]}}],"collection":[{"href":"https:\/\/www.weluga.de\/index.php\/wp-json\/wp\/v2\/pages"}],"about":[{"href":"https:\/\/www.weluga.de\/index.php\/wp-json\/wp\/v2\/types\/page"}],"author":[{"embeddable":true,"href":"https:\/\/www.weluga.de\/index.php\/wp-json\/wp\/v2\/users\/1"}],"replies":[{"embeddable":true,"href":"https:\/\/www.weluga.de\/index.php\/wp-json\/wp\/v2\/comments?post=3463"}],"version-history":[{"count":7,"href":"https:\/\/www.weluga.de\/index.php\/wp-json\/wp\/v2\/pages\/3463\/revisions"}],"predecessor-version":[{"id":3605,"href":"https:\/\/www.weluga.de\/index.php\/wp-json\/wp\/v2\/pages\/3463\/revisions\/3605"}],"up":[{"embeddable":true,"href":"https:\/\/www.weluga.de\/index.php\/wp-json\/wp\/v2\/pages\/3385"}],"wp:attachment":[{"href":"https:\/\/www.weluga.de\/index.php\/wp-json\/wp\/v2\/media?parent=3463"}],"curies":[{"name":"wp","href":"https:\/\/api.w.org\/{rel}","templated":true}]}}