{"id":3461,"date":"2016-01-22T17:36:31","date_gmt":"2016-01-22T16:36:31","guid":{"rendered":"http:\/\/dev.weluga.de\/?page_id=3461"},"modified":"2018-08-17T14:32:32","modified_gmt":"2018-08-17T12:32:32","slug":"umweltvertraeglichkeitsuntersuchungen-landschaftspflegerische-begleitplaene-auszug","status":"publish","type":"page","link":"https:\/\/www.weluga.de\/index.php\/referenzen\/umweltvertraeglichkeitsuntersuchungen-landschaftspflegerische-begleitplaene-auszug","title":{"rendered":"Land&shy;schafts&shy;pflegerische Begleitpl\u00e4ne (LBP)"},"content":{"rendered":"<\/div><\/div><\/div><!-- close content main div --><\/div><\/div><div id='bannertop' class='avia-section main_color avia-section-default avia-shadow av-parallax-section avia-bg-style-parallax   av-minimum-height av-minimum-height-custom container_wrap sidebar_right'  data-section-bg-repeat='repeat-x' ><div class='av-parallax' data-avia-parallax-ratio='0.3' ><div class='av-parallax-inner main_color ' style = 'background-repeat: repeat-x; background-image: url(https:\/\/www.weluga.de\/wp-content\/uploads\/2013\/04\/welugaheader2.jpg); background-attachment: scroll; background-position: top center; ' ><\/div><\/div><div class='container' style='height:150px'><div class='template-page content  av-content-small alpha units'><div class='post-entry post-entry-type-page post-entry-3461'><div class='entry-content-wrapper clearfix'><\/div><\/div><\/div><!-- close content main div --><\/div><\/div><div id='after_section_1' class='main_color container_wrap sidebar_right'   ><div class='container' ><div class='template-page content  av-content-small alpha units'><div class='post-entry post-entry-type-page post-entry-3461'><div class='entry-content-wrapper clearfix'>\n<div class=\"flex_column av_two_third  flex_column_div av-zero-column-padding first  \" style='border-radius:0px; '><p><div style='padding-bottom:10px;' class='av-special-heading av-special-heading-h1    '><h1 class='av-special-heading-tag'  itemprop=\"headline\"  >Umwelt\u00ad\u00advertr\u00e4g\u00adlichkeits\u00ad\u00adunter\u00ad\u00adsuchun\u00adgen \/ Land\u00ad\u00adschafts\u00ad\u00adpflegeri\u00adsche Begleit\u00adpl\u00e4ne (Auszug)<\/h1><div class='special-heading-border'><div class='special-heading-inner-border' ><\/div><\/div><\/div><br \/>\n<div style='height:50px' class='hr hr-invisible  '><span class='hr-inner ' ><span class='hr-inner-style'><\/span><\/span><\/div><br \/>\n<section class=\"av_textblock_section\"  itemscope=\"itemscope\" itemtype=\"https:\/\/schema.org\/CreativeWork\" ><div class='avia_textblock '   itemprop=\"text\" ><ul>\n<li>Erneuerung der M\u00fchlengrabenbr\u00fccke B 226 in Wetter nach RiSTWaG, Einzelfallpr\u00fcfung, Landschaftspflegerischer Begleitplan (LBP), Artenschutzbeitrag, Faunistische Sonderuntersuchung, Landesbetrieb Stra\u00dfenbau Nordrhein-Westfalen, Regionalniederlassung S\u00fcdwestfalen, Hagen 2014-2015<\/li>\n<li>Vorhabensbezogener B-Plan zum Neubau eines Betriebsgeb\u00e4udes der Firma Escha, Landschaftspflegerischer Fachbeitrag, Artenschutzrechtliche Pr\u00fcfung der Stufe I der ASP, cl-Architektur, Halver, 2014<\/li>\n<li>Landschaftspflegerischer Begleitplan zum Kanalstich an der Alte Werner Stra\u00dfe, Tiefbauamt Stadt Bochum, Bochum, 2014<\/li>\n<li>Kirchharpener Bach 1. BA Erg\u00e4nzungsplanung zur Anbindung des verrohrten Kirchharpener Bachs und Aufsch\u00fcttung des Aushubs aus dem Bachprofil, Landschaftspflegerischer Begleitplan, Artenschutzrechtliche Pr\u00fcfung, Tiefbauamt Stadt Bochum, 2014<\/li>\n<li>Ausbau der B 226 nach RiStWag mit Anlage eines Geh- und Radweges (2. Bauab-schnitt) einschlie\u00dflich Ersatzneubau der M\u00fchlengrabenbr\u00fccke, Landschaftspflegerischer Begleitplan, Landesbaubetrieb Stra\u00dfenbau NordrheinWestfalen, Regionalniederlassung S\u00fcdwestfalen), Witten, 2014<\/li>\n<li>Errichtung eines L\u00e4rmschutzwalls und Anlage eines Weges zwischen BAB 43 und Freizeitbad Heveney, Landschaftspflegerischer Begleitplan, Artenschutzrechtliche Pr\u00fcfung, GUD, Witten, 2014<\/li>\n<li>Landespflegerischer Begleitplan zur Verlegung einer Wasserversorgungsleitung auf dem Geilinghausweg in Essen Heidhausen, Stadtwerke Essen AG, Essen, 2014<\/li>\n<li>Erneuerung der Obergrabenbr\u00fccke B 226 in Wetter nach RiSTWaG, Landschafts-pflegerischer Begleitplan (LBP), Artenschutzbeitrag, Faunistische Sonderuntersuchung, Landesbetrieb Stra\u00dfenbau Nordrhein-Westfalen, Regionalniederlassung S\u00fcdwestfalen, Hagen 2012-2013<\/li>\n<li>Landschaftspflegerischer Begleitplan zur Weiterentwicklung des Bebauungsplans Nr. 692 &#8211; n\u00f6rdlich Bethelstr. \/ \u00f6stlich Friedhof \/ s\u00fcdlich Emil-Sch\u00e4fer-Str. \/ westlich Saalestr. &#8211; in Krefeld, Stadt Krefeld, Fachbereich Stadtplanung 2013\/2014<\/li>\n<li>Umweltvertr\u00e4glichkeitsuntersuchung am Gecksbach, Froelich &amp; Sporbeck Bochum, 2013<\/li>\n<li>Landschaftspflegerischer Begleitplan, Artenschutzpr\u00fcfung, Verlegung einer 10Kv-Kabeltrasse in Linden, STEAG, Bochum, 2013<\/li>\n<li>Neuverlegung einer Gashochdruckleitung in Nennweite 500 mm im Bereich Wuppertal-Hohenhagen, Standortbezogene Vorpr\u00fcgung des Einzelfalls gem. \u00a7 3c UVPG, Artenschutzrechtliche Vorpr\u00fcfung, WSW, Wuppertal, 2013<\/li>\n<\/ul>\n<\/div><\/section><\/p><\/div>\n","protected":false},"excerpt":{"rendered":"","protected":false},"author":1,"featured_media":0,"parent":3385,"menu_order":2,"comment_status":"closed","ping_status":"closed","template":"","meta":{"_acf_changed":false,"footnotes":""},"class_list":["post-3461","page","type-page","status-publish","hentry"],"acf":[],"_links":{"self":[{"href":"https:\/\/www.weluga.de\/index.php\/wp-json\/wp\/v2\/pages\/3461","targetHints":{"allow":["GET"]}}],"collection":[{"href":"https:\/\/www.weluga.de\/index.php\/wp-json\/wp\/v2\/pages"}],"about":[{"href":"https:\/\/www.weluga.de\/index.php\/wp-json\/wp\/v2\/types\/page"}],"author":[{"embeddable":true,"href":"https:\/\/www.weluga.de\/index.php\/wp-json\/wp\/v2\/users\/1"}],"replies":[{"embeddable":true,"href":"https:\/\/www.weluga.de\/index.php\/wp-json\/wp\/v2\/comments?post=3461"}],"version-history":[{"count":21,"href":"https:\/\/www.weluga.de\/index.php\/wp-json\/wp\/v2\/pages\/3461\/revisions"}],"predecessor-version":[{"id":3638,"href":"https:\/\/www.weluga.de\/index.php\/wp-json\/wp\/v2\/pages\/3461\/revisions\/3638"}],"up":[{"embeddable":true,"href":"https:\/\/www.weluga.de\/index.php\/wp-json\/wp\/v2\/pages\/3385"}],"wp:attachment":[{"href":"https:\/\/www.weluga.de\/index.php\/wp-json\/wp\/v2\/media?parent=3461"}],"curies":[{"name":"wp","href":"https:\/\/api.w.org\/{rel}","templated":true}]}}