{"id":3447,"date":"2016-01-22T15:24:14","date_gmt":"2016-01-22T14:24:14","guid":{"rendered":"http:\/\/dev.weluga.de\/?page_id=3447"},"modified":"2016-01-22T15:24:33","modified_gmt":"2016-01-22T14:24:33","slug":"forschung-bildung","status":"publish","type":"page","link":"https:\/\/www.weluga.de\/index.php\/arbeitsfelder\/forschung-bildung","title":{"rendered":"Forschung &#038; Bildung"},"content":{"rendered":"<\/div><\/div><\/div><!-- close content main div --><\/div><\/div><div id='bannertop' class='avia-section main_color avia-section-default avia-shadow av-parallax-section avia-bg-style-parallax   av-minimum-height av-minimum-height-custom container_wrap sidebar_right'  data-section-bg-repeat='repeat-x' ><div class='av-parallax' data-avia-parallax-ratio='0.3' ><div class='av-parallax-inner main_color ' style = 'background-repeat: repeat-x; background-image: url(https:\/\/www.weluga.de\/wp-content\/uploads\/2013\/04\/welugaheader2.jpg); background-attachment: scroll; background-position: top center; ' ><\/div><\/div><div class='container' style='height:150px'><div class='template-page content  av-content-small alpha units'><div class='post-entry post-entry-type-page post-entry-3447'><div class='entry-content-wrapper clearfix'><\/div><\/div><\/div><!-- close content main div --><\/div><\/div><div id='after_section_1' class='main_color container_wrap sidebar_right'   ><div class='container' ><div class='template-page content  av-content-small alpha units'><div class='post-entry post-entry-type-page post-entry-3447'><div class='entry-content-wrapper clearfix'>\n<div class=\"flex_column av_two_third  flex_column_div av-zero-column-padding first  \" style='border-radius:0px; '><p><div style='padding-bottom:10px;' class='av-special-heading av-special-heading-h1    '><h1 class='av-special-heading-tag'  itemprop=\"headline\"  >Forschung <span class='special_amp'>&amp;<\/span> Bildung<\/h1><div class='special-heading-border'><div class='special-heading-inner-border' ><\/div><\/div><\/div><br \/>\n<section class=\"av_textblock_section\"  itemscope=\"itemscope\" itemtype=\"https:\/\/schema.org\/CreativeWork\" ><div class='avia_textblock '   itemprop=\"text\" ><p>Auch im Bereich der Forschung &amp; Bildung sind wir t\u00e4tig. Zu unseren Leistungen geh\u00f6ren u.a.:<\/p>\n<ul>\n<li>Entwicklung und Ausf\u00fchrungsplanung von Naturlehrpfaden<\/li>\n<li>Erstellung von Naturerlebnisf\u00fchrern<\/li>\n<li>Organisation und Durchf\u00fchrung von Seminaren, Exkursionen, Ausstellungen, Fortbildungsma\u00dfnahmen, etc.<\/li>\n<li>Entwicklung und Planung von Konzepten sowie Durchf\u00fchrung von praktischen Projekten in der Umweltbildung<\/li>\n<li>Erstellung von Konzepten und Leitf\u00e4den<\/li>\n<li>Naturschutzfachliche Leitbilder<\/li>\n<li>Publikationen<\/li>\n<\/ul>\n<\/div><\/section><\/p><\/div><div class=\"flex_column av_one_third  flex_column_div av-zero-column-padding   \" style='border-radius:0px; '><div class='avia-gallery avia-gallery-1 deactivate_avia_lazyload avia_animate_when_visible  '  itemscope=\"itemscope\" itemtype=\"https:\/\/schema.org\/ImageObject\" ><div class='avia-gallery-thumb'> <a href='https:\/\/www.weluga.de\/wp-content\/uploads\/2016\/01\/IMG_2431-1030x687.jpg' data-rel='gallery-1' data-prev-img='https:\/\/www.weluga.de\/wp-content\/uploads\/2016\/01\/IMG_2431-495x400.jpg' class='first_thumb lightbox ' data-onclick='1' title=''  itemprop=\"contentURL\" ><img  src='https:\/\/www.weluga.de\/wp-content\/uploads\/2016\/01\/IMG_2431-495x400.jpg' width='495' height='400'  title='' alt='' \/><\/a> <a href='https:\/\/www.weluga.de\/wp-content\/uploads\/2016\/01\/P4010066-1030x773.jpg' data-rel='gallery-1' data-prev-img='https:\/\/www.weluga.de\/wp-content\/uploads\/2016\/01\/P4010066-495x400.jpg' class='first_thumb lightbox ' data-onclick='2' title=''  itemprop=\"contentURL\" ><img  src='https:\/\/www.weluga.de\/wp-content\/uploads\/2016\/01\/P4010066-495x400.jpg' width='495' height='400'  title='' alt='' \/><\/a> <a href='https:\/\/www.weluga.de\/wp-content\/uploads\/2016\/01\/IMG_4078-687x1030.jpg' data-rel='gallery-1' data-prev-img='https:\/\/www.weluga.de\/wp-content\/uploads\/2016\/01\/IMG_4078-495x400.jpg' class='first_thumb lightbox ' data-onclick='3' title=''  itemprop=\"contentURL\" ><img  src='https:\/\/www.weluga.de\/wp-content\/uploads\/2016\/01\/IMG_4078-495x400.jpg' width='495' height='400'  title='' alt='' \/><\/a><\/div><\/div><\/div>\t<div  class='av_promobox avia-button-yes  '>\t\t<div class='avia-promocontent'><p>\nUnter unseren Referenzen erhalten Sie einen \u00dcberblick \u00fcber unsere T\u00e4tigkeiten der letzten Jahre.<\/p>\n<\/div><div class='avia-button-wrap avia-button-right '><a href='https:\/\/www.weluga.de\/index.php\/referenzen' class='avia-button  avia-icon_select-no avia-color-theme-color avia-size-large avia-position-right '   ><span class='avia_iconbox_title' >Referenzen<\/span><\/a><\/div>\t<\/div><\/p>\n","protected":false},"excerpt":{"rendered":"","protected":false},"author":1,"featured_media":0,"parent":3361,"menu_order":4,"comment_status":"closed","ping_status":"closed","template":"","meta":{"_acf_changed":false,"footnotes":""},"class_list":["post-3447","page","type-page","status-publish","hentry"],"acf":[],"_links":{"self":[{"href":"https:\/\/www.weluga.de\/index.php\/wp-json\/wp\/v2\/pages\/3447","targetHints":{"allow":["GET"]}}],"collection":[{"href":"https:\/\/www.weluga.de\/index.php\/wp-json\/wp\/v2\/pages"}],"about":[{"href":"https:\/\/www.weluga.de\/index.php\/wp-json\/wp\/v2\/types\/page"}],"author":[{"embeddable":true,"href":"https:\/\/www.weluga.de\/index.php\/wp-json\/wp\/v2\/users\/1"}],"replies":[{"embeddable":true,"href":"https:\/\/www.weluga.de\/index.php\/wp-json\/wp\/v2\/comments?post=3447"}],"version-history":[{"count":1,"href":"https:\/\/www.weluga.de\/index.php\/wp-json\/wp\/v2\/pages\/3447\/revisions"}],"predecessor-version":[{"id":3451,"href":"https:\/\/www.weluga.de\/index.php\/wp-json\/wp\/v2\/pages\/3447\/revisions\/3451"}],"up":[{"embeddable":true,"href":"https:\/\/www.weluga.de\/index.php\/wp-json\/wp\/v2\/pages\/3361"}],"wp:attachment":[{"href":"https:\/\/www.weluga.de\/index.php\/wp-json\/wp\/v2\/media?parent=3447"}],"curies":[{"name":"wp","href":"https:\/\/api.w.org\/{rel}","templated":true}]}}