{"id":3401,"date":"2016-01-22T08:58:32","date_gmt":"2016-01-22T07:58:32","guid":{"rendered":"http:\/\/dev.weluga.de\/?page_id=3401"},"modified":"2016-01-22T09:16:03","modified_gmt":"2016-01-22T08:16:03","slug":"buero","status":"publish","type":"page","link":"https:\/\/www.weluga.de\/index.php\/buero","title":{"rendered":"B\u00fcro"},"content":{"rendered":"<\/div><\/div><\/div><!-- close content main div --><\/div><\/div><div id='bannertop' class='avia-section main_color avia-section-default avia-shadow av-parallax-section avia-bg-style-parallax   av-minimum-height av-minimum-height-custom container_wrap sidebar_right'  data-section-bg-repeat='repeat-x' ><div class='av-parallax' data-avia-parallax-ratio='0.3' ><div class='av-parallax-inner main_color ' style = 'background-repeat: repeat-x; background-image: url(https:\/\/www.weluga.de\/wp-content\/uploads\/2013\/04\/welugaheader2.jpg); background-attachment: scroll; background-position: top center; ' ><\/div><\/div><div class='container' style='height:150px'><div class='template-page content  av-content-small alpha units'><div class='post-entry post-entry-type-page post-entry-3401'><div class='entry-content-wrapper clearfix'><\/div><\/div><\/div><!-- close content main div --><\/div><\/div><div id='after_section_1' class='main_color container_wrap sidebar_right'   ><div class='container' ><div class='template-page content  av-content-small alpha units'><div class='post-entry post-entry-type-page post-entry-3401'><div class='entry-content-wrapper clearfix'>\n<div class=\"flex_column av_two_third  flex_column_div av-zero-column-padding first  \" style='border-radius:0px; '><p><div style='padding-bottom:10px;' class='av-special-heading av-special-heading-h1    '><h1 class='av-special-heading-tag'  itemprop=\"headline\"  >Wir \u00fcber uns<\/h1><div class='special-heading-border'><div class='special-heading-inner-border' ><\/div><\/div><\/div><br \/>\n<section class=\"av_textblock_section\"  itemscope=\"itemscope\" itemtype=\"https:\/\/schema.org\/CreativeWork\" ><div class='avia_textblock '   itemprop=\"text\" ><p>Die weluga umweltplanung hat sich in 2003 als Partnerschaft aus einem Team von BiologInnen gegr\u00fcndet, das bereits vorher in der Landschafts- und Umweltplanung besch\u00e4ftigt war.<\/p>\n<p>Unser Team aus Experten in verschiedenen biologischen und \u00f6kologischen Fachbereichen mit einer langj\u00e4hrigen bundesweiten Planungspraxis garantiert Ihnen eine kompetente und verantwortungsvolle Umsetzung Ihres Vorhabens.<\/p>\n<p>Wir arbeiten bundesweit und k\u00f6nnen zus\u00e4tzlich aufgrund der langj\u00e4hrigen T\u00e4tigkeiten und Kontakte im Bereich der Umweltplanung f\u00fcr vertiefende detailierte Aufgaben- und Fragestellungen auf das spezielle Fachwissen von zahlreichen Experten zur\u00fcckgreifen. In Kooperation mit anderen Planungsb\u00fcros und selbstst\u00e4ndigen BiologInnen f\u00fchren wir auch Planungsleistungen f\u00fcr Gro\u00dfprojekte durch.<\/p>\n<p>Zu unseren Auftraggebern z\u00e4hlen Institutionen und \u00f6ffentliche Auftraggeber auf Bundes-, Landes- und kommunaler Ebene, private Unternehmen und Personen sowie Landschafts- und Umweltb\u00fcros.<\/p>\n<\/div><\/section><\/p><\/div><div class=\"flex_column av_one_third  flex_column_div av-zero-column-padding   \" style='border-radius:0px; '><div class='avia-gallery avia-gallery-1 deactivate_avia_lazyload avia_animate_when_visible  '  itemscope=\"itemscope\" itemtype=\"https:\/\/schema.org\/ImageObject\" ><div class='avia-gallery-thumb'> <a href='https:\/\/www.weluga.de\/wp-content\/uploads\/2016\/01\/PICT0297-1030x773.jpg' data-rel='gallery-1' data-prev-img='https:\/\/www.weluga.de\/wp-content\/uploads\/2016\/01\/PICT0297-495x400.jpg' class='first_thumb lightbox ' data-onclick='1' title=''  itemprop=\"contentURL\" ><img  src='https:\/\/www.weluga.de\/wp-content\/uploads\/2016\/01\/PICT0297-495x400.jpg' width='495' height='400'  title='Guido Weber bei der Arbeit' alt='' \/><\/a> <a href='https:\/\/www.weluga.de\/wp-content\/uploads\/2016\/01\/IMG_0002a-1030x773.jpg' data-rel='gallery-1' data-prev-img='https:\/\/www.weluga.de\/wp-content\/uploads\/2016\/01\/IMG_0002a-495x400.jpg' class='first_thumb lightbox ' data-onclick='2' title=''  itemprop=\"contentURL\" ><img  src='https:\/\/www.weluga.de\/wp-content\/uploads\/2016\/01\/IMG_0002a-495x400.jpg' width='495' height='400'  title='' alt='' \/><\/a> <a href='https:\/\/www.weluga.de\/wp-content\/uploads\/2016\/01\/Foto2554.jpg' data-rel='gallery-1' data-prev-img='https:\/\/www.weluga.de\/wp-content\/uploads\/2016\/01\/Foto2554-495x400.jpg' class='first_thumb lightbox ' data-onclick='3' title=''  itemprop=\"contentURL\" ><img  src='https:\/\/www.weluga.de\/wp-content\/uploads\/2016\/01\/Foto2554-495x400.jpg' width='495' height='400'  title='' alt='' \/><\/a><\/div><\/div><\/div><\/p>\n","protected":false},"excerpt":{"rendered":"","protected":false},"author":1,"featured_media":0,"parent":0,"menu_order":0,"comment_status":"closed","ping_status":"closed","template":"","meta":{"_acf_changed":false,"footnotes":""},"class_list":["post-3401","page","type-page","status-publish","hentry"],"acf":[],"_links":{"self":[{"href":"https:\/\/www.weluga.de\/index.php\/wp-json\/wp\/v2\/pages\/3401","targetHints":{"allow":["GET"]}}],"collection":[{"href":"https:\/\/www.weluga.de\/index.php\/wp-json\/wp\/v2\/pages"}],"about":[{"href":"https:\/\/www.weluga.de\/index.php\/wp-json\/wp\/v2\/types\/page"}],"author":[{"embeddable":true,"href":"https:\/\/www.weluga.de\/index.php\/wp-json\/wp\/v2\/users\/1"}],"replies":[{"embeddable":true,"href":"https:\/\/www.weluga.de\/index.php\/wp-json\/wp\/v2\/comments?post=3401"}],"version-history":[{"count":6,"href":"https:\/\/www.weluga.de\/index.php\/wp-json\/wp\/v2\/pages\/3401\/revisions"}],"predecessor-version":[{"id":3411,"href":"https:\/\/www.weluga.de\/index.php\/wp-json\/wp\/v2\/pages\/3401\/revisions\/3411"}],"wp:attachment":[{"href":"https:\/\/www.weluga.de\/index.php\/wp-json\/wp\/v2\/media?parent=3401"}],"curies":[{"name":"wp","href":"https:\/\/api.w.org\/{rel}","templated":true}]}}