{"id":3385,"date":"2016-01-22T08:39:37","date_gmt":"2016-01-22T07:39:37","guid":{"rendered":"http:\/\/dev.weluga.de\/?page_id=3385"},"modified":"2016-01-22T17:58:39","modified_gmt":"2016-01-22T16:58:39","slug":"referenzen","status":"publish","type":"page","link":"https:\/\/www.weluga.de\/index.php\/referenzen","title":{"rendered":"Referenzen"},"content":{"rendered":"<\/div><\/div><\/div><!-- close content main div --><\/div><\/div><div id='bannertop' class='avia-section main_color avia-section-default avia-shadow av-parallax-section avia-bg-style-parallax   av-minimum-height av-minimum-height-custom container_wrap sidebar_right'  data-section-bg-repeat='repeat-x' ><div class='av-parallax' data-avia-parallax-ratio='0.3' ><div class='av-parallax-inner main_color ' style = 'background-repeat: repeat-x; background-image: url(https:\/\/www.weluga.de\/wp-content\/uploads\/2013\/04\/welugaheader2.jpg); background-attachment: scroll; background-position: top center; ' ><\/div><\/div><div class='container' style='height:150px'><div class='template-page content  av-content-small alpha units'><div class='post-entry post-entry-type-page post-entry-3385'><div class='entry-content-wrapper clearfix'><\/div><\/div><\/div><!-- close content main div --><\/div><\/div><div id='after_section_1' class='main_color container_wrap sidebar_right'   ><div class='container' ><div class='template-page content  av-content-small alpha units'><div class='post-entry post-entry-type-page post-entry-3385'><div class='entry-content-wrapper clearfix'>\n<div class=\"flex_column av_two_third  flex_column_div av-zero-column-padding first  \" style='border-radius:0px; '><p><div style='padding-bottom:10px;' class='av-special-heading av-special-heading-h1    '><h1 class='av-special-heading-tag'  itemprop=\"headline\"  >Referenzen<\/h1><div class='special-heading-border'><div class='special-heading-inner-border' ><\/div><\/div><\/div><br \/>\n<section class=\"av_textblock_section\"  itemscope=\"itemscope\" itemtype=\"https:\/\/schema.org\/CreativeWork\" ><div class='avia_textblock '   itemprop=\"text\" ><p>Wir blicken auf eine langj\u00e4hrige, erfolgreiche Zusammenarbeit mit vielen Partnern. Auf dieser Seite stellen wir Ihnen eine kleine Auswahl unserer Referenzen nach Leistungen vor.<\/p>\n<p>Selbstverst\u00e4ndlich besitzen wir eine ausf\u00fchrliche Referenzsammlung, die aus den T\u00e4tigkeiten der letzten Jahre resultiert. Auf Wunsch stellen wir Ihnen diese ausf\u00fchrliche Zusammenstellung gerne zur Verf\u00fcgung.<\/p>\n<\/div><\/section><\/p><\/div>\n<div class=\"flex_column av_one_third  flex_column_div av-zero-column-padding   \" style='border-radius:0px; '><div class='avia-gallery avia-gallery-1 deactivate_avia_lazyload avia_animate_when_visible  '  itemscope=\"itemscope\" itemtype=\"https:\/\/schema.org\/ImageObject\" ><div class='avia-gallery-thumb'> <a href='https:\/\/www.weluga.de\/wp-content\/uploads\/2016\/01\/DSCF6809-1030x773.jpg' data-rel='gallery-1' data-prev-img='https:\/\/www.weluga.de\/wp-content\/uploads\/2016\/01\/DSCF6809-495x400.jpg' class='first_thumb lightbox ' data-onclick='1' title=''  itemprop=\"contentURL\" ><img  src='https:\/\/www.weluga.de\/wp-content\/uploads\/2016\/01\/DSCF6809-495x400.jpg' width='495' height='400'  title='' alt='' \/><\/a> <a href='https:\/\/www.weluga.de\/wp-content\/uploads\/2016\/01\/Karte01.jpg' data-rel='gallery-1' data-prev-img='https:\/\/www.weluga.de\/wp-content\/uploads\/2016\/01\/Karte01-495x400.jpg' class='first_thumb lightbox ' data-onclick='2' title=''  itemprop=\"contentURL\" ><img  src='https:\/\/www.weluga.de\/wp-content\/uploads\/2016\/01\/Karte01-495x400.jpg' width='495' height='400'  title='' alt='' \/><\/a> <a href='https:\/\/www.weluga.de\/wp-content\/uploads\/2016\/01\/Sona01.jpg' data-rel='gallery-1' data-prev-img='https:\/\/www.weluga.de\/wp-content\/uploads\/2016\/01\/Sona01-495x400.jpg' class='first_thumb lightbox ' data-onclick='3' title=''  itemprop=\"contentURL\" ><img  src='https:\/\/www.weluga.de\/wp-content\/uploads\/2016\/01\/Sona01-495x400.jpg' width='495' height='400'  title='' alt='' \/><\/a><\/div><\/div><\/div>\n","protected":false},"excerpt":{"rendered":"","protected":false},"author":1,"featured_media":0,"parent":0,"menu_order":0,"comment_status":"closed","ping_status":"closed","template":"","meta":{"_acf_changed":false,"footnotes":""},"class_list":["post-3385","page","type-page","status-publish","hentry"],"acf":[],"_links":{"self":[{"href":"https:\/\/www.weluga.de\/index.php\/wp-json\/wp\/v2\/pages\/3385","targetHints":{"allow":["GET"]}}],"collection":[{"href":"https:\/\/www.weluga.de\/index.php\/wp-json\/wp\/v2\/pages"}],"about":[{"href":"https:\/\/www.weluga.de\/index.php\/wp-json\/wp\/v2\/types\/page"}],"author":[{"embeddable":true,"href":"https:\/\/www.weluga.de\/index.php\/wp-json\/wp\/v2\/users\/1"}],"replies":[{"embeddable":true,"href":"https:\/\/www.weluga.de\/index.php\/wp-json\/wp\/v2\/comments?post=3385"}],"version-history":[{"count":6,"href":"https:\/\/www.weluga.de\/index.php\/wp-json\/wp\/v2\/pages\/3385\/revisions"}],"predecessor-version":[{"id":3481,"href":"https:\/\/www.weluga.de\/index.php\/wp-json\/wp\/v2\/pages\/3385\/revisions\/3481"}],"wp:attachment":[{"href":"https:\/\/www.weluga.de\/index.php\/wp-json\/wp\/v2\/media?parent=3385"}],"curies":[{"name":"wp","href":"https:\/\/api.w.org\/{rel}","templated":true}]}}