{"id":3361,"date":"2016-01-22T08:11:57","date_gmt":"2016-01-22T07:11:57","guid":{"rendered":"http:\/\/dev.weluga.de\/?page_id=3361"},"modified":"2016-01-22T09:42:37","modified_gmt":"2016-01-22T08:42:37","slug":"arbeitsfelder","status":"publish","type":"page","link":"https:\/\/www.weluga.de\/index.php\/arbeitsfelder","title":{"rendered":"Arbeitsfelder"},"content":{"rendered":"<\/div><\/div><\/div><!-- close content main div --><\/div><\/div><div id='bannertop' class='avia-section main_color avia-section-default avia-shadow av-parallax-section avia-bg-style-parallax   av-minimum-height av-minimum-height-custom container_wrap sidebar_right'  data-section-bg-repeat='repeat-x' ><div class='av-parallax' data-avia-parallax-ratio='0.3' ><div class='av-parallax-inner main_color ' style = 'background-repeat: repeat-x; background-image: url(https:\/\/www.weluga.de\/wp-content\/uploads\/2013\/04\/welugaheader2.jpg); background-attachment: scroll; background-position: top center; ' ><\/div><\/div><div class='container' style='height:150px'><div class='template-page content  av-content-small alpha units'><div class='post-entry post-entry-type-page post-entry-3361'><div class='entry-content-wrapper clearfix'><\/div><\/div><\/div><!-- close content main div --><\/div><\/div><div id='after_section_1' class='main_color container_wrap sidebar_right'   ><div class='container' ><div class='template-page content  av-content-small alpha units'><div class='post-entry post-entry-type-page post-entry-3361'><div class='entry-content-wrapper clearfix'>\n<div class=\"flex_column av_two_third  flex_column_div av-zero-column-padding first  \" style='border-radius:0px; '><p><div style='padding-bottom:10px;' class='av-special-heading av-special-heading-h1    '><h1 class='av-special-heading-tag'  itemprop=\"headline\"  >Unsere Leistungen<\/h1><div class='special-heading-border'><div class='special-heading-inner-border' ><\/div><\/div><\/div><br \/>\n<section class=\"av_textblock_section\"  itemscope=\"itemscope\" itemtype=\"https:\/\/schema.org\/CreativeWork\" ><div class='avia_textblock '   itemprop=\"text\" ><p>Die weluga umweltplanung ist ein unabh\u00e4ngiges Gutachter- und Planungsb\u00fcro im Bereich der Naturschutz- und Umweltplanung. Seit \u00fcber zehn Jahren arbeitet das Team von Experten in verschiedenen biologischen und \u00f6kologischen Fachbereichen bundesweit erfolgreich f\u00fcr unsere Kunden. Unsere langj\u00e4hrige Planungspraxis sowohl bei Gro\u00dfprojekten als auch bei kleineren Projekten garantieren Ihnen eine kompetente und verantwortliche Umsetzung Ihres Vorhabens.<\/p>\n<p>Die weluga umweltplanung ist in allen Bereichen der Umwelt- und Landschaftsplanung t\u00e4tig. Schwerpunkte liegen u.a. in den Bereichen: Eingriffsbewertung oder naturschutzrechtliche Beratung im Genehmigungsverfahren oder der Bauausf\u00fchrung, faunistische und floristische Datenerhebung und Bewertung, Artenschutzpr\u00fcfungen, Entwicklungspl\u00e4ne f\u00fcr Schutzgebiete, Entwicklung von Fachmethoden, Managementplanung, Ma\u00dfnahmenkonzeption, Forschungsvorhaben. Wir bieten umfassende, zielgenaue und individuelle L\u00f6sungen f\u00fcr Ihr Vorhaben. Gerne beraten wir Sie auch zu Ihrem Vorhaben.<\/p>\n<p>Zu unseren Auftraggebern z\u00e4hlen Institutionen und \u00f6ffentliche Auftraggeber auf Bundes-, Landes- und kommunaler Ebene, Landschafts- und Umweltplanungsb\u00fcros sowie private Unternehmen und Bauherren.<\/p>\n<\/div><\/section><\/p><\/div>\n<div class=\"flex_column av_one_third  flex_column_div av-zero-column-padding   \" style='border-radius:0px; '><div class='avia-gallery avia-gallery-1 deactivate_avia_lazyload avia_animate_when_visible  '  itemscope=\"itemscope\" itemtype=\"https:\/\/schema.org\/ImageObject\" ><div class='avia-gallery-thumb'> <a href='https:\/\/www.weluga.de\/wp-content\/uploads\/2016\/01\/IMG_6859-1030x773.jpg' data-rel='gallery-1' data-prev-img='https:\/\/www.weluga.de\/wp-content\/uploads\/2016\/01\/IMG_6859-495x400.jpg' class='first_thumb lightbox ' data-onclick='1' title=''  itemprop=\"contentURL\" ><img  src='https:\/\/www.weluga.de\/wp-content\/uploads\/2016\/01\/IMG_6859-495x400.jpg' width='495' height='400'  title='' alt='' \/><\/a> <a href='https:\/\/www.weluga.de\/wp-content\/uploads\/2016\/01\/A45_Ansichtsbeispiel_Trasse_IMG_4664-1030x773.jpg' data-rel='gallery-1' data-prev-img='https:\/\/www.weluga.de\/wp-content\/uploads\/2016\/01\/A45_Ansichtsbeispiel_Trasse_IMG_4664-495x400.jpg' class='first_thumb lightbox ' data-onclick='2' title=''  itemprop=\"contentURL\" ><img  src='https:\/\/www.weluga.de\/wp-content\/uploads\/2016\/01\/A45_Ansichtsbeispiel_Trasse_IMG_4664-495x400.jpg' width='495' height='400'  title='' alt='' \/><\/a> <a href='https:\/\/www.weluga.de\/wp-content\/uploads\/2016\/01\/12_Kimmlinger-Bach_DSCN8797.jpg' data-rel='gallery-1' data-prev-img='https:\/\/www.weluga.de\/wp-content\/uploads\/2016\/01\/12_Kimmlinger-Bach_DSCN8797-495x400.jpg' class='first_thumb lightbox ' data-onclick='3' title=''  itemprop=\"contentURL\" ><img  src='https:\/\/www.weluga.de\/wp-content\/uploads\/2016\/01\/12_Kimmlinger-Bach_DSCN8797-495x400.jpg' width='495' height='400'  title='Kimmlinger Bach' alt='' \/><\/a><\/div><\/div><\/div>\n\t<div  class='av_promobox avia-button-yes  '>\t\t<div class='avia-promocontent'><p>\nUnter unseren Referenzen erhalten Sie einen \u00dcberblick \u00fcber unsere T\u00e4tigkeiten der letzten Jahre.<\/p>\n<\/div><div class='avia-button-wrap avia-button-right '><a href='https:\/\/www.weluga.de\/index.php\/referenzen' class='avia-button  avia-icon_select-no avia-color-theme-color avia-size-large avia-position-right '   ><span class='avia_iconbox_title' >Referenzen<\/span><\/a><\/div>\t<\/div>\n","protected":false},"excerpt":{"rendered":"","protected":false},"author":1,"featured_media":0,"parent":0,"menu_order":0,"comment_status":"closed","ping_status":"closed","template":"","meta":{"_acf_changed":false,"footnotes":""},"class_list":["post-3361","page","type-page","status-publish","hentry"],"acf":[],"_links":{"self":[{"href":"https:\/\/www.weluga.de\/index.php\/wp-json\/wp\/v2\/pages\/3361","targetHints":{"allow":["GET"]}}],"collection":[{"href":"https:\/\/www.weluga.de\/index.php\/wp-json\/wp\/v2\/pages"}],"about":[{"href":"https:\/\/www.weluga.de\/index.php\/wp-json\/wp\/v2\/types\/page"}],"author":[{"embeddable":true,"href":"https:\/\/www.weluga.de\/index.php\/wp-json\/wp\/v2\/users\/1"}],"replies":[{"embeddable":true,"href":"https:\/\/www.weluga.de\/index.php\/wp-json\/wp\/v2\/comments?post=3361"}],"version-history":[{"count":11,"href":"https:\/\/www.weluga.de\/index.php\/wp-json\/wp\/v2\/pages\/3361\/revisions"}],"predecessor-version":[{"id":3363,"href":"https:\/\/www.weluga.de\/index.php\/wp-json\/wp\/v2\/pages\/3361\/revisions\/3363"}],"wp:attachment":[{"href":"https:\/\/www.weluga.de\/index.php\/wp-json\/wp\/v2\/media?parent=3361"}],"curies":[{"name":"wp","href":"https:\/\/api.w.org\/{rel}","templated":true}]}}